{"id":18269,"date":"2025-06-17T11:11:17","date_gmt":"2025-06-17T10:11:17","guid":{"rendered":"https:\/\/avmaison.fr\/?page_id=18269"},"modified":"2025-08-11T16:49:36","modified_gmt":"2025-08-11T15:49:36","slug":"about-us","status":"publish","type":"page","link":"https:\/\/avmaison.fr\/fr\/about-us\/","title":{"rendered":"\u00c0 propos de nous"},"content":{"rendered":"<div data-elementor-type=\"wp-page\" data-elementor-id=\"18269\" class=\"elementor elementor-18269\">\n\t\t\t\t<div class=\"elementor-element elementor-element-d477708 e-flex e-con-boxed e-con e-parent\" data-id=\"d477708\" data-element_type=\"container\" data-e-type=\"container\">\n\t\t\t\t\t<div class=\"e-con-inner\">\n\t\t\t\t<div class=\"elementor-element elementor-element-d318097 elementor-widget elementor-widget-spacer\" data-id=\"d318097\" data-element_type=\"widget\" data-e-type=\"widget\" data-widget_type=\"spacer.default\">\n\t\t\t\t<div class=\"elementor-widget-container\">\n\t\t\t\t\t\t\t<div class=\"elementor-spacer\">\n\t\t\t<div class=\"elementor-spacer-inner\"><\/div>\n\t\t<\/div>\n\t\t\t\t\t\t<\/div>\n\t\t\t\t<\/div>\n\t\t\t\t<div class=\"elementor-element elementor-element-7be07cf elementor-widget elementor-widget-heading\" data-id=\"7be07cf\" data-element_type=\"widget\" data-e-type=\"widget\" data-widget_type=\"heading.default\">\n\t\t\t\t<div class=\"elementor-widget-container\">\n\t\t\t\t\t<h2 class=\"elementor-heading-title elementor-size-default\">\u00c0 propos de nous<\/h2>\t\t\t\t<\/div>\n\t\t\t\t<\/div>\n\t\t\t\t<div class=\"elementor-element elementor-element-b940f02 elementor-widget elementor-widget-text-editor\" data-id=\"b940f02\" data-element_type=\"widget\" data-e-type=\"widget\" data-widget_type=\"text-editor.default\">\n\t\t\t\t<div class=\"elementor-widget-container\">\n\t\t\t\t\t\t\t\t\t<p>Ayant v\u00e9cu dans plusieurs pays diff\u00e9rents, j'ai eu la chance (?) de d\u00e9couvrir les offres tr\u00e8s vari\u00e9es d'un grand nombre d'agences immobili\u00e8res.  Le processus devrait \u00eatre assez simple. Une personne a une maison \u00e0 vendre &gt; Une personne vend des maisons &gt; Des personnes recherchent des maisons \u00e0 acheter. Facile. Du moins, c'est ce que l'on pourrait penser.\u00a0 Mon arriv\u00e9e en France m'a vraiment ouvert les yeux. Des frais exorbitants, des agents qui ne savaient pratiquement rien des biens qu'ils commercialisaient, des photos de mauvaise qualit\u00e9 et des maisons situ\u00e9es \u00e0 des kilom\u00e8tres de l'endroit o\u00f9 elles \u00e9taient r\u00e9pertori\u00e9es, comme si leur emplacement devait rester secret. C'est pourquoi j'ai cr\u00e9\u00e9 AV Maison, pour vous aider \u00e0 surmonter ces absurdit\u00e9s.<\/p>\t\t\t\t\t\t\t\t<\/div>\n\t\t\t\t<\/div>\n\t\t\t\t\t<\/div>\n\t\t\t\t<\/div>\n\t\t<div class=\"elementor-element elementor-element-eba0294 e-flex e-con-boxed e-con e-parent\" data-id=\"eba0294\" data-element_type=\"container\" data-e-type=\"container\">\n\t\t\t\t\t<div class=\"e-con-inner\">\n\t\t<div class=\"elementor-element elementor-element-fbbe7b6 e-con-full e-flex e-con e-child\" data-id=\"fbbe7b6\" data-element_type=\"container\" data-e-type=\"container\">\n\t\t\t\t<div class=\"elementor-element elementor-element-de0dacf elementor-widget elementor-widget-heading\" data-id=\"de0dacf\" data-element_type=\"widget\" data-e-type=\"widget\" data-widget_type=\"heading.default\">\n\t\t\t\t<div class=\"elementor-widget-container\">\n\t\t\t\t\t<h2 class=\"elementor-heading-title elementor-size-default\">Gary<\/h2>\t\t\t\t<\/div>\n\t\t\t\t<\/div>\n\t\t\t\t<div class=\"elementor-element elementor-element-facd6a4 elementor-widget elementor-widget-image\" data-id=\"facd6a4\" data-element_type=\"widget\" data-e-type=\"widget\" data-widget_type=\"image.default\">\n\t\t\t\t<div class=\"elementor-widget-container\">\n\t\t\t\t\t\t\t\t\t\t\t\t\t\t\t<img fetchpriority=\"high\" decoding=\"async\" width=\"500\" height=\"500\" src=\"https:\/\/avmaison.fr\/wp-content\/uploads\/2025\/06\/500x500-Sheehan-topaz-faceai-sharpen.jpg\" class=\"attachment-large size-large wp-image-18362\" alt=\"Gary - Founder of avmaison\" srcset=\"\" \/>\t\t\t\t\t\t\t\t\t\t\t\t\t\t\t<\/div>\n\t\t\t\t<\/div>\n\t\t\t\t<\/div>\n\t\t<div class=\"elementor-element elementor-element-e81e1d1 e-con-full e-flex e-con e-child\" data-id=\"e81e1d1\" data-element_type=\"container\" data-e-type=\"container\">\n\t\t\t\t<div class=\"elementor-element elementor-element-8e52472 elementor-widget elementor-widget-text-editor\" data-id=\"8e52472\" data-element_type=\"widget\" data-e-type=\"widget\" data-widget_type=\"text-editor.default\">\n\t\t\t\t<div class=\"elementor-widget-container\">\n\t\t\t\t\t\t\t\t\t<p>Je m'appelle Gary, je suis votre photographe immobilier de r\u00e9f\u00e9rence et mon objectif est de capturer l'essence m\u00eame des maisons. Gr\u00e2ce \u00e0 mon sens aigu du d\u00e9tail et \u00e0 ma passion pour la mise en valeur des propri\u00e9t\u00e9s, je peux donner vie \u00e0 votre annonce gr\u00e2ce \u00e0 des visuels \u00e9poustouflants. Je peux vous aider \u00e0 r\u00e9aliser vos r\u00eaves immobiliers en pr\u00e9sentant votre propri\u00e9t\u00e9 sous son meilleur jour.<\/p>\t\t\t\t\t\t\t\t<\/div>\n\t\t\t\t<\/div>\n\t\t\t\t<div class=\"elementor-element elementor-element-4520553 elementor-widget elementor-widget-spacer\" data-id=\"4520553\" data-element_type=\"widget\" data-e-type=\"widget\" data-widget_type=\"spacer.default\">\n\t\t\t\t<div class=\"elementor-widget-container\">\n\t\t\t\t\t\t\t<div class=\"elementor-spacer\">\n\t\t\t<div class=\"elementor-spacer-inner\"><\/div>\n\t\t<\/div>\n\t\t\t\t\t\t<\/div>\n\t\t\t\t<\/div>\n\t\t\t\t<div class=\"elementor-element elementor-element-cdea680 elementor-widget elementor-widget-text-editor\" data-id=\"cdea680\" data-element_type=\"widget\" data-e-type=\"widget\" data-widget_type=\"text-editor.default\">\n\t\t\t\t<div class=\"elementor-widget-container\">\n\t\t\t\t\t\t\t\t\t<p><a href=\"tel:+33666977327\"><img decoding=\"async\" class=\"alignnone wp-image-18359\" src=\"https:\/\/avmaison.fr\/wp-content\/uploads\/2025\/06\/Blue-Tel-Button.png\" alt=\"\" width=\"111\" height=\"41\" \/> <\/a><\/p><p><a href=\"https:\/\/wa.me\/33666977327\"><img decoding=\"async\" class=\"alignnone wp-image-18360\" src=\"https:\/\/avmaison.fr\/wp-content\/uploads\/2025\/06\/Green-WhatsApp-Button.png\" alt=\"\" width=\"111\" height=\"41\" \/><\/a><\/p><p><a href=\"mailto:gary@avmaison.fr\"><img loading=\"lazy\" decoding=\"async\" class=\"alignnone wp-image-18361\" src=\"https:\/\/avmaison.fr\/wp-content\/uploads\/2025\/06\/Pink-Mail-Button.png\" alt=\"\" width=\"111\" height=\"41\" \/><\/a><\/p>\t\t\t\t\t\t\t\t<\/div>\n\t\t\t\t<\/div>\n\t\t\t\t<\/div>\n\t\t\t\t\t<\/div>\n\t\t\t\t<\/div>\n\t\t<div class=\"elementor-element elementor-element-051bf94 e-flex e-con-boxed e-con e-parent\" data-id=\"051bf94\" data-element_type=\"container\" data-e-type=\"container\">\n\t\t\t\t\t<div class=\"e-con-inner\">\n\t\t\t\t<div class=\"elementor-element elementor-element-8fc88ab elementor-widget elementor-widget-spacer\" data-id=\"8fc88ab\" data-element_type=\"widget\" data-e-type=\"widget\" data-widget_type=\"spacer.default\">\n\t\t\t\t<div class=\"elementor-widget-container\">\n\t\t\t\t\t\t\t<div class=\"elementor-spacer\">\n\t\t\t<div class=\"elementor-spacer-inner\"><\/div>\n\t\t<\/div>\n\t\t\t\t\t\t<\/div>\n\t\t\t\t<\/div>\n\t\t\t\t\t<\/div>\n\t\t\t\t<\/div>\n\t\t\t\t<\/div>","protected":false},"excerpt":{"rendered":"<p>About Us Having lived in a number of different countries, I&#8217;ve been fortunate (?) to experience very different offerings from a great many estate agents.\u00a0 It should be a fairly straight forward process. Person has a house to sell &gt; Person sells houses &gt; People looking for houses to buy. Easy. Or so you&#8217;d think.\u00a0 [&hellip;]<\/p>\n","protected":false},"author":1,"featured_media":0,"parent":0,"menu_order":0,"comment_status":"closed","ping_status":"closed","template":"elementor_header_footer","meta":{"slim_seo":{"title":"About Us - avmaison.fr","description":"About Us Having lived in a number of different countries, I've been fortunate (?) to experience very different offerings from a great many estate agents.\u00a0 It sh"},"footnotes":""},"class_list":["post-18269","page","type-page","status-publish","hentry"],"_links":{"self":[{"href":"https:\/\/avmaison.fr\/fr\/wp-json\/wp\/v2\/pages\/18269","targetHints":{"allow":["GET"]}}],"collection":[{"href":"https:\/\/avmaison.fr\/fr\/wp-json\/wp\/v2\/pages"}],"about":[{"href":"https:\/\/avmaison.fr\/fr\/wp-json\/wp\/v2\/types\/page"}],"author":[{"embeddable":true,"href":"https:\/\/avmaison.fr\/fr\/wp-json\/wp\/v2\/users\/1"}],"replies":[{"embeddable":true,"href":"https:\/\/avmaison.fr\/fr\/wp-json\/wp\/v2\/comments?post=18269"}],"version-history":[{"count":16,"href":"https:\/\/avmaison.fr\/fr\/wp-json\/wp\/v2\/pages\/18269\/revisions"}],"predecessor-version":[{"id":19714,"href":"https:\/\/avmaison.fr\/fr\/wp-json\/wp\/v2\/pages\/18269\/revisions\/19714"}],"wp:attachment":[{"href":"https:\/\/avmaison.fr\/fr\/wp-json\/wp\/v2\/media?parent=18269"}],"curies":[{"name":"wp","href":"https:\/\/api.w.org\/{rel}","templated":true}]}}