{"id":18283,"date":"2025-06-17T11:29:03","date_gmt":"2025-06-17T10:29:03","guid":{"rendered":"https:\/\/avmaison.fr\/?page_id=18283"},"modified":"2025-08-05T11:15:52","modified_gmt":"2025-08-05T10:15:52","slug":"blog","status":"publish","type":"page","link":"https:\/\/avmaison.fr\/fr\/blog\/","title":{"rendered":"Blog"},"content":{"rendered":"<div data-elementor-type=\"wp-page\" data-elementor-id=\"18283\" class=\"elementor elementor-18283\">\n\t\t\t\t<div class=\"elementor-element elementor-element-0fc5fbb e-flex e-con-boxed e-con e-parent\" data-id=\"0fc5fbb\" data-element_type=\"container\" data-e-type=\"container\">\n\t\t\t\t\t<div class=\"e-con-inner\">\n\t\t<div class=\"elementor-element elementor-element-dc2ce24 e-con-full e-flex e-con e-child\" data-id=\"dc2ce24\" data-element_type=\"container\" data-e-type=\"container\">\n\t\t\t\t<div class=\"elementor-element elementor-element-3be236a elementor-widget elementor-widget-spacer\" data-id=\"3be236a\" data-element_type=\"widget\" data-e-type=\"widget\" data-widget_type=\"spacer.default\">\n\t\t\t\t<div class=\"elementor-widget-container\">\n\t\t\t\t\t\t\t<div class=\"elementor-spacer\">\n\t\t\t<div class=\"elementor-spacer-inner\"><\/div>\n\t\t<\/div>\n\t\t\t\t\t\t<\/div>\n\t\t\t\t<\/div>\n\t\t\t\t<div class=\"elementor-element elementor-element-127edfc elementor-widget elementor-widget-heading\" data-id=\"127edfc\" data-element_type=\"widget\" data-e-type=\"widget\" data-widget_type=\"heading.default\">\n\t\t\t\t<div class=\"elementor-widget-container\">\n\t\t\t\t\t<h2 class=\"elementor-heading-title elementor-size-default\">Bon \u00e0 savoir<\/h2>\t\t\t\t<\/div>\n\t\t\t\t<\/div>\n\t\t\t\t<div class=\"elementor-element elementor-element-4616921 elementor-widget elementor-widget-text-editor\" data-id=\"4616921\" data-element_type=\"widget\" data-e-type=\"widget\" data-widget_type=\"text-editor.default\">\n\t\t\t\t<div class=\"elementor-widget-container\">\n\t\t\t\t\t\t\t\t\t<p><!--StartFragment --><\/p><p class=\"translation-block\">Bienvenue dans <em>Bon \u00e0 savoir<\/em>, votre guide pratique pour tirer le meilleur parti de votre bien immobilier, que vous souhaitiez le vendre ou le louer. Ce blog regorge de conseils utiles, d'astuces simples et d'informations concr\u00e8tes pour vous aider \u00e0 comprendre ce qui distingue un bien immobilier et comment attirer rapidement les bons acheteurs ou locataires. De la pr\u00e9paration de votre espace \u00e0 la fixation du prix ad\u00e9quat, nous sommes l\u00e0 pour vous aider \u00e0 rendre ce processus moins stressant et plus efficace.<\/p><p>Nous sommes convaincus que des choix judicieux peuvent faire toute la diff\u00e9rence. C'est pourquoi nous privil\u00e9gions la simplicit\u00e9, la clart\u00e9 et l'utilit\u00e9. Que vous soyez novice en mati\u00e8re d'immobilier ou que vous ayez d\u00e9j\u00e0 plusieurs d\u00e9m\u00e9nagements \u00e0 votre actif, nos articles sont r\u00e9dig\u00e9s pour vous offrir des solutions faciles et des id\u00e9es nouvelles. Alors jetez-y un \u0153il, vous y trouverez peut-\u00eatre le conseil qui changera tout.<!--EndFragment --><\/p>\t\t\t\t\t\t\t\t<\/div>\n\t\t\t\t<\/div>\n\t\t\t\t<div class=\"elementor-element elementor-element-17c5ae7 elementor-widget-divider--view-line elementor-widget elementor-widget-divider\" data-id=\"17c5ae7\" data-element_type=\"widget\" data-e-type=\"widget\" data-widget_type=\"divider.default\">\n\t\t\t\t<div class=\"elementor-widget-container\">\n\t\t\t\t\t\t\t<div class=\"elementor-divider\">\n\t\t\t<span class=\"elementor-divider-separator\">\n\t\t\t\t\t\t<\/span>\n\t\t<\/div>\n\t\t\t\t\t\t<\/div>\n\t\t\t\t<\/div>\n\t\t\t\t<div class=\"elementor-element elementor-element-b99e8ce elementor-widget elementor-widget-houzez_elementor_blog_posts\" data-id=\"b99e8ce\" data-element_type=\"widget\" data-e-type=\"widget\" data-widget_type=\"houzez_elementor_blog_posts.default\">\n\t\t\t\t<div class=\"elementor-widget-container\">\n\t\t\t\t\t\n        <div class=\"blog-posts-module blog-posts-module-v1\">\n            <div class=\"row row-cols-1 g-3\">\n                <div class=\"blog-post-item-wrap\">\n\t<div id=\"post-19741\" class=\"blog-post-item blog-post-item-v1 mb-3 post-19741 post type-post status-publish format-standard hentry category-notaires category-preparation\">\n\t\t\n\t\t\n\t\t<div class=\"blog-post-content-wrap\">\n\t\t\t<div class=\"blog-post-meta small\">\n\t\t\t\t<ul class=\"list-inline d-flex align-items-center mb-1\">\n\t\t\t\t\t\n\t\t\t\t\t\t\t\t\t\t<li class=\"list-inline-item\">\n\t\t\t\t\t\t<i class=\"houzez-icon icon-tags me-1\"><\/i> <a href=\"https:\/\/avmaison.fr\/fr\/category\/notaires\/\" rel=\"category tag\">Notaires<\/a>, <a href=\"https:\/\/avmaison.fr\/fr\/category\/preparation\/\" rel=\"category tag\">Preparation<\/a>\t\t\t\t\t<\/li>\n\t\t\t\t\t\n\t\t\t\t<\/ul>\n\t\t\t<\/div><!-- blog-post-meta -->\n\t\t\t<div class=\"blog-post-title\">\n\t\t\t\t<h3 class=\"mb-1\"><a href=\"https:\/\/avmaison.fr\/fr\/how-to-use-a-notaire-when-buying-or-selling-property-in-france\/\">Acheter ou vendre une maison en France : guide complet sur le recours \u00e0 un notaire<\/a><\/h3>\n\t\t\t<\/div><!-- blog-post-title -->\n\t\t\t<div class=\"blog-post-body mb-1\">\n\t\t\t\tNavigating the French property market can be an exciting journey\u2014but it also comes with its...\t\t\t<\/div><!-- blog-post-body -->\n\t\t\t<div class=\"blog-post-link small\">\n\t\t\t\t<a href=\"https:\/\/avmaison.fr\/fr\/how-to-use-a-notaire-when-buying-or-selling-property-in-france\/\">Continuer la lecture<\/a>\n\t\t\t<\/div><!-- blog-post-link -->\n\t\t<\/div><!-- blog-post-content-wrap -->\n\t\t\t<\/div><!-- blog-post-item -->\n<\/div><!-- blog-post-item-wrap --><div class=\"blog-post-item-wrap\">\n\t<div id=\"post-19737\" class=\"blog-post-item blog-post-item-v1 mb-3 post-19737 post type-post status-publish format-standard hentry category-marketing category-real-estate\">\n\t\t\n\t\t\n\t\t<div class=\"blog-post-content-wrap\">\n\t\t\t<div class=\"blog-post-meta small\">\n\t\t\t\t<ul class=\"list-inline d-flex align-items-center mb-1\">\n\t\t\t\t\t\n\t\t\t\t\t\t\t\t\t\t<li class=\"list-inline-item\">\n\t\t\t\t\t\t<i class=\"houzez-icon icon-tags me-1\"><\/i> <a href=\"https:\/\/avmaison.fr\/fr\/category\/marketing\/\" rel=\"category tag\">Marketing<\/a>, <a href=\"https:\/\/avmaison.fr\/fr\/category\/real-estate\/\" rel=\"category tag\">Immobilier<\/a>\t\t\t\t\t<\/li>\n\t\t\t\t\t\n\t\t\t\t<\/ul>\n\t\t\t<\/div><!-- blog-post-meta -->\n\t\t\t<div class=\"blog-post-title\">\n\t\t\t\t<h3 class=\"mb-1\"><a href=\"https:\/\/avmaison.fr\/fr\/3d-dolls-houses-a-smarter-way-to-sell-and-let-homes-online\/\">Maisons en 3D : Une nouvelle fa\u00e7on de vendre et louer plus efficacement<\/a><\/h3>\n\t\t\t<\/div><!-- blog-post-title -->\n\t\t\t<div class=\"blog-post-body mb-1\">\n\t\t\t\t\ud83c\udfe1 3D Doll\u2019s Houses: A Smarter Way to Sell and Let Homes Online In today\u2019s...\t\t\t<\/div><!-- blog-post-body -->\n\t\t\t<div class=\"blog-post-link small\">\n\t\t\t\t<a href=\"https:\/\/avmaison.fr\/fr\/3d-dolls-houses-a-smarter-way-to-sell-and-let-homes-online\/\">Continuer la lecture<\/a>\n\t\t\t<\/div><!-- blog-post-link -->\n\t\t<\/div><!-- blog-post-content-wrap -->\n\t\t\t<\/div><!-- blog-post-item -->\n<\/div><!-- blog-post-item-wrap --><div class=\"blog-post-item-wrap\">\n\t<div id=\"post-19727\" class=\"blog-post-item blog-post-item-v1 mb-3 post-19727 post type-post status-publish format-standard hentry category-marketing category-real-estate\">\n\t\t\n\t\t\n\t\t<div class=\"blog-post-content-wrap\">\n\t\t\t<div class=\"blog-post-meta small\">\n\t\t\t\t<ul class=\"list-inline d-flex align-items-center mb-1\">\n\t\t\t\t\t\n\t\t\t\t\t\t\t\t\t\t<li class=\"list-inline-item\">\n\t\t\t\t\t\t<i class=\"houzez-icon icon-tags me-1\"><\/i> <a href=\"https:\/\/avmaison.fr\/fr\/category\/marketing\/\" rel=\"category tag\">Marketing<\/a>, <a href=\"https:\/\/avmaison.fr\/fr\/category\/real-estate\/\" rel=\"category tag\">Immobilier<\/a>\t\t\t\t\t<\/li>\n\t\t\t\t\t\n\t\t\t\t<\/ul>\n\t\t\t<\/div><!-- blog-post-meta -->\n\t\t\t<div class=\"blog-post-title\">\n\t\t\t\t<h3 class=\"mb-1\"><a href=\"https:\/\/avmaison.fr\/fr\/see-it-to-believe-it-how-360-tours-sell-homes-faster\/\">Il faut le voir pour le croire : comment les visites \u00e0 360\u00b0 permettent de vendre plus rapidement les maisons<\/a><\/h3>\n\t\t\t<\/div><!-- blog-post-title -->\n\t\t\t<div class=\"blog-post-body mb-1\">\n\t\t\t\t\ud83c\udfe0 Why 360\u00b0 Virtual Tours Are Revolutionising Property Marketing In an increasingly...\t\t\t<\/div><!-- blog-post-body -->\n\t\t\t<div class=\"blog-post-link small\">\n\t\t\t\t<a href=\"https:\/\/avmaison.fr\/fr\/see-it-to-believe-it-how-360-tours-sell-homes-faster\/\">Continuer la lecture<\/a>\n\t\t\t<\/div><!-- blog-post-link -->\n\t\t<\/div><!-- blog-post-content-wrap -->\n\t\t\t<\/div><!-- blog-post-item -->\n<\/div><!-- blog-post-item-wrap --><div class=\"blog-post-item-wrap\">\n\t<div id=\"post-19647\" class=\"blog-post-item blog-post-item-v1 mb-3 post-19647 post type-post status-publish format-standard hentry category-marketing category-real-estate\">\n\t\t\n\t\t\n\t\t<div class=\"blog-post-content-wrap\">\n\t\t\t<div class=\"blog-post-meta small\">\n\t\t\t\t<ul class=\"list-inline d-flex align-items-center mb-1\">\n\t\t\t\t\t\n\t\t\t\t\t\t\t\t\t\t<li class=\"list-inline-item\">\n\t\t\t\t\t\t<i class=\"houzez-icon icon-tags me-1\"><\/i> <a href=\"https:\/\/avmaison.fr\/fr\/category\/marketing\/\" rel=\"category tag\">Marketing<\/a>, <a href=\"https:\/\/avmaison.fr\/fr\/category\/real-estate\/\" rel=\"category tag\">Immobilier<\/a>\t\t\t\t\t<\/li>\n\t\t\t\t\t\n\t\t\t\t<\/ul>\n\t\t\t<\/div><!-- blog-post-meta -->\n\t\t\t<div class=\"blog-post-title\">\n\t\t\t\t<h3 class=\"mb-1\"><a href=\"https:\/\/avmaison.fr\/fr\/getting-things-ready-ahead-of-the-photographs\/\">Pr\u00e9parer la maison avant l'arriv\u00e9e du photographe<\/a><\/h3>\n\t\t\t<\/div><!-- blog-post-title -->\n\t\t\t<div class=\"blog-post-body mb-1\">\n\t\t\t\t\ud83d\udcf8 Comment pr\u00e9parer votre maison pour une s\u00e9ance photo immobili\u00e8re : un guide pour ...\t\t\t<\/div><!-- blog-post-body -->\n\t\t\t<div class=\"blog-post-link small\">\n\t\t\t\t<a href=\"https:\/\/avmaison.fr\/fr\/getting-things-ready-ahead-of-the-photographs\/\">Continuer la lecture<\/a>\n\t\t\t<\/div><!-- blog-post-link -->\n\t\t<\/div><!-- blog-post-content-wrap -->\n\t\t\t<\/div><!-- blog-post-item -->\n<\/div><!-- blog-post-item-wrap --><div class=\"blog-post-item-wrap\">\n\t<div id=\"post-19572\" class=\"blog-post-item blog-post-item-v1 mb-3 post-19572 post type-post status-publish format-standard has-post-thumbnail hentry category-marketing category-real-estate\">\n\t\t\n\t\t\t\t<div class=\"blog-post-thumb\">\n\t\t\t<a href=\"https:\/\/avmaison.fr\/fr\/marketing-flyers\/\" class=\"hover-effect image-wrap\">\n\t\t\t\t<img fetchpriority=\"high\" decoding=\"async\" width=\"584\" height=\"438\" src=\"https:\/\/avmaison.fr\/wp-content\/uploads\/2025\/08\/Flyer-A5-584x438.jpg\" class=\"img-fluid wp-post-image\" alt=\"Flyer a5\" \/>\t\t\t<\/a>\n\t\t<\/div><!-- blog-post-thumb -->\n\t\t\n\t\t<div class=\"blog-post-content-wrap\">\n\t\t\t<div class=\"blog-post-meta small\">\n\t\t\t\t<ul class=\"list-inline d-flex align-items-center mb-1\">\n\t\t\t\t\t\n\t\t\t\t\t\t\t\t\t\t<li class=\"list-inline-item\">\n\t\t\t\t\t\t<i class=\"houzez-icon icon-tags me-1\"><\/i> <a href=\"https:\/\/avmaison.fr\/fr\/category\/marketing\/\" rel=\"category tag\">Marketing<\/a>, <a href=\"https:\/\/avmaison.fr\/fr\/category\/real-estate\/\" rel=\"category tag\">Immobilier<\/a>\t\t\t\t\t<\/li>\n\t\t\t\t\t\n\t\t\t\t<\/ul>\n\t\t\t<\/div><!-- blog-post-meta -->\n\t\t\t<div class=\"blog-post-title\">\n\t\t\t\t<h3 class=\"mb-1\"><a href=\"https:\/\/avmaison.fr\/fr\/marketing-flyers\/\">D\u00e9pliants marketing<\/a><\/h3>\n\t\t\t<\/div><!-- blog-post-title -->\n\t\t\t<div class=\"blog-post-body mb-1\">\n\t\t\t\tAm\u00e9liorez la visibilit\u00e9 de votre propri\u00e9t\u00e9 gr\u00e2ce \u00e0 des flyers A4 et A5 Les flyers imprim\u00e9s peuvent sembler r\u00e9tro dans...\t\t\t<\/div><!-- blog-post-body -->\n\t\t\t<div class=\"blog-post-link small\">\n\t\t\t\t<a href=\"https:\/\/avmaison.fr\/fr\/marketing-flyers\/\">Continuer la lecture<\/a>\n\t\t\t<\/div><!-- blog-post-link -->\n\t\t<\/div><!-- blog-post-content-wrap -->\n\t\t\t<\/div><!-- blog-post-item -->\n<\/div><!-- blog-post-item-wrap -->            <\/div>\n        <\/div>\n\n        \t\t\t\t<\/div>\n\t\t\t\t<\/div>\n\t\t\t\t<\/div>\n\t\t<div class=\"elementor-element elementor-element-257297e e-con-full e-flex e-con e-child\" data-id=\"257297e\" data-element_type=\"container\" data-e-type=\"container\">\n\t\t\t\t<div class=\"elementor-element elementor-element-b517e69 elementor-widget elementor-widget-spacer\" data-id=\"b517e69\" data-element_type=\"widget\" data-e-type=\"widget\" data-widget_type=\"spacer.default\">\n\t\t\t\t<div class=\"elementor-widget-container\">\n\t\t\t\t\t\t\t<div class=\"elementor-spacer\">\n\t\t\t<div class=\"elementor-spacer-inner\"><\/div>\n\t\t<\/div>\n\t\t\t\t\t\t<\/div>\n\t\t\t\t<\/div>\n\t\t\t\t<div class=\"elementor-element elementor-element-1792d01 elementor-widget elementor-widget-sidebar\" data-id=\"1792d01\" data-element_type=\"widget\" data-e-type=\"widget\" data-widget_type=\"sidebar.default\">\n\t\t\t\t<div class=\"elementor-widget-container\">\n\t\t\t\t\t<div id=\"block-14\" class=\"widget widget-wrap mb-4 p-4 widget_block widget_search\"><form role=\"search\" method=\"get\" action=\"https:\/\/avmaison.fr\/fr\/\" class=\"wp-block-search__button-outside wp-block-search__text-button wp-block-search\" data-trp-original-action=\"https:\/\/avmaison.fr\/fr\/\"    ><label class=\"wp-block-search__label\" for=\"wp-block-search__input-1\" >Rechercher des articles<\/label><div class=\"wp-block-search__inside-wrapper\" ><input class=\"wp-block-search__input\" id=\"wp-block-search__input-1\" placeholder=\"\" value=\"\" type=\"search\" name=\"s\" required \/><button aria-label=\"Rechercher\" class=\"wp-block-search__button wp-element-button\" type=\"submit\" >Rechercher<\/button><\/div><input type=\"hidden\" name=\"trp-form-language\" value=\"fr\"\/><\/form><\/div><div id=\"block-17\" class=\"widget widget-wrap mb-4 p-4 widget_block\">\n<h3 class=\"wp-block-heading\">Articles r\u00e9cents<\/h3>\n<\/div><div id=\"block-15\" class=\"widget widget-wrap mb-4 p-4 widget_block widget_recent_entries\"><ul class=\"wp-block-latest-posts__list wp-block-latest-posts\"><li><a class=\"wp-block-latest-posts__post-title\" href=\"https:\/\/avmaison.fr\/fr\/how-to-use-a-notaire-when-buying-or-selling-property-in-france\/\">Acheter ou vendre une maison en France : guide complet sur le recours \u00e0 un notaire<\/a><\/li>\n<li><a class=\"wp-block-latest-posts__post-title\" href=\"https:\/\/avmaison.fr\/fr\/3d-dolls-houses-a-smarter-way-to-sell-and-let-homes-online\/\">Maisons en 3D : Une nouvelle fa\u00e7on de vendre et louer plus efficacement<\/a><\/li>\n<li><a class=\"wp-block-latest-posts__post-title\" href=\"https:\/\/avmaison.fr\/fr\/see-it-to-believe-it-how-360-tours-sell-homes-faster\/\">Il faut le voir pour le croire : comment les visites \u00e0 360\u00b0 permettent de vendre plus rapidement les maisons<\/a><\/li>\n<li><a class=\"wp-block-latest-posts__post-title\" href=\"https:\/\/avmaison.fr\/fr\/getting-things-ready-ahead-of-the-photographs\/\">Pr\u00e9parer la maison avant l'arriv\u00e9e du photographe<\/a><\/li>\n<li><a class=\"wp-block-latest-posts__post-title\" href=\"https:\/\/avmaison.fr\/fr\/marketing-flyers\/\">D\u00e9pliants marketing<\/a><\/li>\n<\/ul><\/div><div id=\"block-18\" class=\"widget widget-wrap mb-4 p-4 widget_block\">\n<h3 class=\"wp-block-heading\">Categories<\/h3>\n<\/div><div id=\"block-20\" class=\"widget widget-wrap mb-4 p-4 widget_block widget_categories\"><ul class=\"wp-block-categories-list wp-block-categories\">\t<li class=\"cat-item cat-item-7\"><a href=\"https:\/\/avmaison.fr\/fr\/category\/marketing\/\">Marketing<\/a>\n<\/li>\n\t<li class=\"cat-item cat-item-127\"><a href=\"https:\/\/avmaison.fr\/fr\/category\/notaires\/\">Notaires<\/a>\n<\/li>\n\t<li class=\"cat-item cat-item-128\"><a href=\"https:\/\/avmaison.fr\/fr\/category\/preparation\/\">Preparation<\/a>\n<\/li>\n\t<li class=\"cat-item cat-item-8\"><a href=\"https:\/\/avmaison.fr\/fr\/category\/real-estate\/\">Immobilier<\/a>\n<\/li>\n<\/ul><\/div>\t\t\t\t<\/div>\n\t\t\t\t<\/div>\n\t\t\t\t<\/div>\n\t\t\t\t\t<\/div>\n\t\t\t\t<\/div>\n\t\t<div class=\"elementor-element elementor-element-553b8a6 e-flex e-con-boxed e-con e-parent\" data-id=\"553b8a6\" data-element_type=\"container\" data-e-type=\"container\">\n\t\t\t\t\t<div class=\"e-con-inner\">\n\t\t\t\t<div class=\"elementor-element elementor-element-831d573 elementor-widget elementor-widget-spacer\" data-id=\"831d573\" data-element_type=\"widget\" data-e-type=\"widget\" data-widget_type=\"spacer.default\">\n\t\t\t\t<div class=\"elementor-widget-container\">\n\t\t\t\t\t\t\t<div class=\"elementor-spacer\">\n\t\t\t<div class=\"elementor-spacer-inner\"><\/div>\n\t\t<\/div>\n\t\t\t\t\t\t<\/div>\n\t\t\t\t<\/div>\n\t\t\t\t\t<\/div>\n\t\t\t\t<\/div>\n\t\t\t\t<\/div>","protected":false},"excerpt":{"rendered":"<p>Good to know Welcome to Good to Know, your practical guide for getting the most out of your property\u2014whether you&#8217;re looking to sell or rent. This blog is packed with useful tips, straightforward advice, and real-world insights to help you understand what makes a property stand out and how to attract the right buyers or [&hellip;]<\/p>\n","protected":false},"author":1,"featured_media":0,"parent":0,"menu_order":0,"comment_status":"closed","ping_status":"closed","template":"elementor_header_footer","meta":{"slim_seo":{"title":"Marketing Flyers - avmaison.fr","description":"Boost Your Property Visibility with A4 &amp; A5 Flyers Printed flyers may seem retro in today\u2019s digital world, but they remain one of the most effective marketi"},"footnotes":""},"class_list":["post-18283","page","type-page","status-publish","hentry"],"_links":{"self":[{"href":"https:\/\/avmaison.fr\/fr\/wp-json\/wp\/v2\/pages\/18283","targetHints":{"allow":["GET"]}}],"collection":[{"href":"https:\/\/avmaison.fr\/fr\/wp-json\/wp\/v2\/pages"}],"about":[{"href":"https:\/\/avmaison.fr\/fr\/wp-json\/wp\/v2\/types\/page"}],"author":[{"embeddable":true,"href":"https:\/\/avmaison.fr\/fr\/wp-json\/wp\/v2\/users\/1"}],"replies":[{"embeddable":true,"href":"https:\/\/avmaison.fr\/fr\/wp-json\/wp\/v2\/comments?post=18283"}],"version-history":[{"count":51,"href":"https:\/\/avmaison.fr\/fr\/wp-json\/wp\/v2\/pages\/18283\/revisions"}],"predecessor-version":[{"id":19656,"href":"https:\/\/avmaison.fr\/fr\/wp-json\/wp\/v2\/pages\/18283\/revisions\/19656"}],"wp:attachment":[{"href":"https:\/\/avmaison.fr\/fr\/wp-json\/wp\/v2\/media?parent=18283"}],"curies":[{"name":"wp","href":"https:\/\/api.w.org\/{rel}","templated":true}]}}