{"id":18400,"date":"2025-06-30T14:12:44","date_gmt":"2025-06-30T13:12:44","guid":{"rendered":"https:\/\/avmaison.fr\/?page_id=18400"},"modified":"2025-08-04T13:19:05","modified_gmt":"2025-08-04T12:19:05","slug":"contact","status":"publish","type":"page","link":"https:\/\/avmaison.fr\/fr\/contact\/","title":{"rendered":"Contact"},"content":{"rendered":"<div data-elementor-type=\"wp-page\" data-elementor-id=\"18400\" class=\"elementor elementor-18400\">\n\t\t\t\t<div class=\"elementor-element elementor-element-d99cb64 e-con-full e-flex e-con e-parent\" data-id=\"d99cb64\" data-element_type=\"container\" data-e-type=\"container\">\n\t\t\t\t<div class=\"elementor-element elementor-element-6fa8baa elementor-widget elementor-widget-spacer\" data-id=\"6fa8baa\" data-element_type=\"widget\" data-e-type=\"widget\" data-widget_type=\"spacer.default\">\n\t\t\t\t<div class=\"elementor-widget-container\">\n\t\t\t\t\t\t\t<div class=\"elementor-spacer\">\n\t\t\t<div class=\"elementor-spacer-inner\"><\/div>\n\t\t<\/div>\n\t\t\t\t\t\t<\/div>\n\t\t\t\t<\/div>\n\t\t\t\t<\/div>\n\t\t<div class=\"elementor-element elementor-element-01612c1 e-flex e-con-boxed e-con e-parent\" data-id=\"01612c1\" data-element_type=\"container\" data-e-type=\"container\">\n\t\t\t\t\t<div class=\"e-con-inner\">\n\t\t<div class=\"elementor-element elementor-element-9a8e241 e-con-full e-flex e-con e-child\" data-id=\"9a8e241\" data-element_type=\"container\" data-e-type=\"container\">\n\t\t\t\t<div class=\"elementor-element elementor-element-4ff44b4 elementor-widget elementor-widget-heading\" data-id=\"4ff44b4\" data-element_type=\"widget\" data-e-type=\"widget\" data-widget_type=\"heading.default\">\n\t\t\t\t<div class=\"elementor-widget-container\">\n\t\t\t\t\t<h2 class=\"elementor-heading-title elementor-size-default\">Vous avez une question ? Besoin d'aide ? N'h\u00e9sitez pas \u00e0 nous en faire part.<\/h2>\t\t\t\t<\/div>\n\t\t\t\t<\/div>\n\t\t\t\t<div class=\"elementor-element elementor-element-48b389d elementor-widget elementor-widget-houzez_elementor_space\" data-id=\"48b389d\" data-element_type=\"widget\" data-e-type=\"widget\" data-widget_type=\"houzez_elementor_space.default\">\n\t\t\t\t<div class=\"elementor-widget-container\">\n\t\t\t\t\t        <div class=\"houzez-spacer\">\n            <div class=\"houzez-spacer-inner\"><\/div>\n        <\/div>\n        \t\t\t\t<\/div>\n\t\t\t\t<\/div>\n\t\t\t\t<div class=\"elementor-element elementor-element-1d8b09c elementor-widget elementor-widget-text-editor\" data-id=\"1d8b09c\" data-element_type=\"widget\" data-e-type=\"widget\" data-widget_type=\"text-editor.default\">\n\t\t\t\t<div class=\"elementor-widget-container\">\n\t\t\t\t\t\t\t\t\t<p>Nous sommes l\u00e0 pour vous aider ! Remplissez ce formulaire ou utilisez les autres m\u00e9thodes innovantes indiqu\u00e9es ci-dessous. Notre \u00e9quipe du service client\u00e8le est \u00e0 votre disposition pour vous aider \u00e0 profiter au mieux de l'exp\u00e9rience AVMaison.<\/p><p>Tout le monde re\u00e7oit une r\u00e9ponse personnalis\u00e9e, veuillez donc pr\u00e9voir un d\u00e9lai de 24 heures pendant les heures ouvrables pour obtenir une r\u00e9ponse.\u00a0<\/p>\t\t\t\t\t\t\t\t<\/div>\n\t\t\t\t<\/div>\n\t\t\t\t<div class=\"elementor-element elementor-element-6a3118f elementor-widget elementor-widget-text-editor\" data-id=\"6a3118f\" data-element_type=\"widget\" data-e-type=\"widget\" data-widget_type=\"text-editor.default\">\n\t\t\t\t<div class=\"elementor-widget-container\">\n\t\t\t\t\t\t\t\t\t<p><a href=\"tel:+33666977327\"><img decoding=\"async\" class=\"alignnone wp-image-18359\" src=\"https:\/\/avmaison.fr\/wp-content\/uploads\/2025\/06\/Blue-Tel-Button.png\" alt=\"\" width=\"111\" height=\"41\" \/> \u00a0 \u00a0<\/a><a href=\"https:\/\/wa.me\/33666977327\"><img decoding=\"async\" class=\"alignnone wp-image-18360\" src=\"https:\/\/avmaison.fr\/wp-content\/uploads\/2025\/06\/Green-WhatsApp-Button.png\" alt=\"\" width=\"111\" height=\"41\" \/><\/a><\/p>\t\t\t\t\t\t\t\t<\/div>\n\t\t\t\t<\/div>\n\t\t\t\t<\/div>\n\t\t<div class=\"elementor-element elementor-element-b2cc6e5 e-con-full e-flex e-con e-child\" data-id=\"b2cc6e5\" data-element_type=\"container\" data-e-type=\"container\">\n\t\t\t\t<div class=\"elementor-element elementor-element-3a2ef4a elementor-button-align-stretch elementor-widget elementor-widget-houzez_elementor_contact_form\" data-id=\"3a2ef4a\" data-element_type=\"widget\" data-e-type=\"widget\" data-widget_type=\"houzez_elementor_contact_form.default\">\n\t\t\t\t<div class=\"elementor-widget-container\">\n\t\t\t\t\t\n        <script type=\"application\/javascript\">\n            jQuery(document).bind(\"ready\", function () {\n                houzezValidateElementor(\"#houzez-form-3a2ef4a\" );\n            });\n        <\/script>\n\n        <form class=\"elementor-form houzez-ele-form-js\" id=\"houzez-form-3a2ef4a\" method=\"post\" name=\"Contact Form\" action=\"https:\/\/avmaison.fr\/wp-admin\/admin-ajax.php\">\n            <input type=\"hidden\" name=\"form_id\" value=\"3a2ef4a\"\/>\n            <input type=\"hidden\" name=\"houzez_contact_form\" value=\"yes\"\/>\n            <input type=\"hidden\" name=\"action\" value=\"houzez_ele_contact_form\" \/>\n            <input type=\"hidden\" name=\"source_link\" value=\"https:\/\/avmaison.fr\/fr\/contact\/\" \/>\n            <input type=\"hidden\" name=\"lead_page_id\" value=\"18400\" \/>\n            <input type=\"hidden\" name=\"webhook\" value=\"false\" \/>\n            <input type=\"hidden\" name=\"webhook_url\" value=\"\" \/>\n            <input type=\"hidden\" name=\"redirect_to\" value=\"\" \/>\n            <input type=\"hidden\" name=\"google_recaptcha\" value=\"yes\" \/>\n            \n\n            <div class=\"elementor-form-fields-wrapper elementor-labels-above\">\n\n                                    <div class=\"elementor-field-group elementor-column form-group elementor-field-group-name elementor-col-100\">\n                    <label for=\"form-field-name\" class=\"form-label elementor-field-label\">Nom<\/label><input type=\"text\" name=\"name\" id=\"form-field-name\" class=\"elementor-field form-control elementor-size-md elementor-field-textual\" placeholder=\"Nom\" title=\"* Nom\">                    <\/div>\n\n                                        <div class=\"elementor-field-group elementor-column form-group elementor-field-group-email elementor-col-100 elementor-field-required\">\n                    <label for=\"form-field-email\" class=\"form-label elementor-field-label\">Email<\/label><input type=\"email\" name=\"email\" id=\"form-field-email\" class=\"elementor-field form-control elementor-size-md elementor-field-textual\" placeholder=\"Email\" title=\"* Email\" required=\"required\">                    <\/div>\n\n                                        <div class=\"elementor-field-group elementor-column form-group elementor-field-group-message elementor-col-100\">\n                    <label for=\"form-field-message\" class=\"form-label elementor-field-label\">Message<\/label><textarea class=\"elementor-field-textual elementor-field elementor-size-md\" name=\"message\" id=\"form-field-message\" rows=\"4\" placeholder=\"Message\"><\/textarea>                    <\/div>\n\n                    \n                    \n                    \n                                        <div class=\"\">\n                        <div class=\"form-group captcha_wrapper houzez-grecaptcha-v3\">\n    <div class=\"houzez_google_reCaptcha\"><\/div>\n<\/div>\n                    <\/div>\n                    \n                    <div class=\"elementor-field-group elementor-column elementor-field-type-submit elementor-col-100\">\n                    <button type=\"submit\" class=\"houzez-submit-button houzez-contact-form-js elementor-button elementor-size-sm\">\n                        <i class=\"houzez-loader-js houzez-hidden spinner-border spinner-border-sm\"><\/i>\n                                                    Soumettre                                            <\/button>\n                <\/div>\n            <\/div><!-- End wrapper-->\n            <br\/>\n            <div class=\"ele-form-messages\"><\/div>\n            <div class=\"error-container\"><\/div>\n\n        <\/form>\n\n    \t\t\t\t<\/div>\n\t\t\t\t<\/div>\n\t\t\t\t<\/div>\n\t\t\t\t\t<\/div>\n\t\t\t\t<\/div>\n\t\t<div class=\"elementor-element elementor-element-cf07806 e-con-full e-flex e-con e-parent\" data-id=\"cf07806\" data-element_type=\"container\" data-e-type=\"container\">\n\t\t\t\t<div class=\"elementor-element elementor-element-f1befc6 elementor-widget elementor-widget-spacer\" data-id=\"f1befc6\" data-element_type=\"widget\" data-e-type=\"widget\" data-widget_type=\"spacer.default\">\n\t\t\t\t<div class=\"elementor-widget-container\">\n\t\t\t\t\t\t\t<div class=\"elementor-spacer\">\n\t\t\t<div class=\"elementor-spacer-inner\"><\/div>\n\t\t<\/div>\n\t\t\t\t\t\t<\/div>\n\t\t\t\t<\/div>\n\t\t\t\t<\/div>\n\t\t\t\t<\/div>","protected":false},"excerpt":{"rendered":"<p>Have a question? Need help? Do tell. We\u2019re here to help! Fill out this form or use the other fangled methods shown below. Our Customer Care Team is available to help you get the best experience out of AVMaison. Everyone gets a personalized response, so please allow 24 hours during business hours for a reply.\u00a0 [&hellip;]<\/p>\n","protected":false},"author":1,"featured_media":0,"parent":0,"menu_order":0,"comment_status":"closed","ping_status":"closed","template":"elementor_header_footer","meta":{"slim_seo":{"title":"Contact - avmaison.fr","description":"Have a question? Need help? Do tell. We\u2019re here to help! Fill out this form or use the other fangled methods shown below. Our Customer Care Team is available to"},"footnotes":""},"class_list":["post-18400","page","type-page","status-publish","hentry"],"_links":{"self":[{"href":"https:\/\/avmaison.fr\/fr\/wp-json\/wp\/v2\/pages\/18400","targetHints":{"allow":["GET"]}}],"collection":[{"href":"https:\/\/avmaison.fr\/fr\/wp-json\/wp\/v2\/pages"}],"about":[{"href":"https:\/\/avmaison.fr\/fr\/wp-json\/wp\/v2\/types\/page"}],"author":[{"embeddable":true,"href":"https:\/\/avmaison.fr\/fr\/wp-json\/wp\/v2\/users\/1"}],"replies":[{"embeddable":true,"href":"https:\/\/avmaison.fr\/fr\/wp-json\/wp\/v2\/comments?post=18400"}],"version-history":[{"count":49,"href":"https:\/\/avmaison.fr\/fr\/wp-json\/wp\/v2\/pages\/18400\/revisions"}],"predecessor-version":[{"id":19646,"href":"https:\/\/avmaison.fr\/fr\/wp-json\/wp\/v2\/pages\/18400\/revisions\/19646"}],"wp:attachment":[{"href":"https:\/\/avmaison.fr\/fr\/wp-json\/wp\/v2\/media?parent=18400"}],"curies":[{"name":"wp","href":"https:\/\/api.w.org\/{rel}","templated":true}]}}