{"id":18574,"date":"2025-07-02T16:47:15","date_gmt":"2025-07-02T15:47:15","guid":{"rendered":"https:\/\/avmaison.fr\/?page_id=18574"},"modified":"2025-08-11T16:28:10","modified_gmt":"2025-08-11T15:28:10","slug":"packages","status":"publish","type":"page","link":"https:\/\/avmaison.fr\/fr\/packages\/","title":{"rendered":"Forfaits"},"content":{"rendered":"<div data-elementor-type=\"wp-page\" data-elementor-id=\"18574\" class=\"elementor elementor-18574\">\n\t\t\t\t<div class=\"elementor-element elementor-element-5c15221 e-flex e-con-boxed e-con e-parent\" data-id=\"5c15221\" data-element_type=\"container\" data-e-type=\"container\">\n\t\t\t\t\t<div class=\"e-con-inner\">\n\t\t\t\t<div class=\"elementor-element elementor-element-911233d elementor-widget elementor-widget-spacer\" data-id=\"911233d\" data-element_type=\"widget\" data-e-type=\"widget\" data-widget_type=\"spacer.default\">\n\t\t\t\t<div class=\"elementor-widget-container\">\n\t\t\t\t\t\t\t<div class=\"elementor-spacer\">\n\t\t\t<div class=\"elementor-spacer-inner\"><\/div>\n\t\t<\/div>\n\t\t\t\t\t\t<\/div>\n\t\t\t\t<\/div>\n\t\t\t\t<div class=\"elementor-element elementor-element-f4cc6b8 elementor-widget elementor-widget-heading\" data-id=\"f4cc6b8\" data-element_type=\"widget\" data-e-type=\"widget\" data-widget_type=\"heading.default\">\n\t\t\t\t<div class=\"elementor-widget-container\">\n\t\t\t\t\t<h2 class=\"elementor-heading-title elementor-size-default\">Forfaits disponibles<\/h2>\t\t\t\t<\/div>\n\t\t\t\t<\/div>\n\t\t\t\t<div class=\"elementor-element elementor-element-cbfa24f elementor-widget elementor-widget-text-editor\" data-id=\"cbfa24f\" data-element_type=\"widget\" data-e-type=\"widget\" data-widget_type=\"text-editor.default\">\n\t\t\t\t<div class=\"elementor-widget-container\">\n\t\t\t\t\t\t\t\t\t<p style=\"text-align: center;\">Vous trouverez ci-dessous les d\u00e9tails des forfaits que nous proposons actuellement.  Choisissez celui qui vous convient et cliquez sur le bouton \u00ab Acheter maintenant \u00bb en bas de la page.<\/p>\n<p style=\"text-align: center;\">*Si vous souhaitez obtenir une pancarte \u00ab \u00c0 vendre \u00bb pour compl\u00e9ter votre annonce \u00ab Gratuite \u00bb, veuillez nous contacter. <a href=\"mailto:admin@avmaison.fr\">ici<\/a>. Le prix du panneau est 40\u20ac<\/p>\n<p style=\"text-align: center;\"><strong>Si vous cliquez sur \u00ab Acheter maintenant \u00bb, vous ne serez factur\u00e9 que pour un <a href=\"https:\/\/avmaison.fr\/fr\/terms\/#deposit\">d\u00e9p\u00f4t<\/a><\/strong><strong>. Le solde restant d\u00fb n'est payable qu'\u00e0 l'arriv\u00e9e de votre photographe.<\/strong>.<\/p>\t\t\t\t\t\t\t\t<\/div>\n\t\t\t\t<\/div>\n\t\t\t\t<div class=\"elementor-element elementor-element-3498077 elementor-widget elementor-widget-html\" data-id=\"3498077\" data-element_type=\"widget\" data-e-type=\"widget\" data-widget_type=\"html.default\">\n\t\t\t\t<div class=\"elementor-widget-container\">\n\t\t\t\t\t<style>\r\n  .pricing-table {\r\n    display: flex;\r\n    flex-wrap: wrap;\r\n    justify-content: center;\r\n    gap: 5px;\r\n    padding: 10px;\r\n  }\r\n\r\n  .pricing-card {\r\n    position: relative;\r\n    flex: 1 0 13%;\r\n    background: #fff;\r\n    border: 1px solid #ddd;\r\n    border-radius: 8px;\r\n    text-align: center;\r\n    min-width: 140px;\r\n    max-width: 240px;\r\n    box-shadow: 0 2px 6px rgba(0, 0, 0, 0.05);\r\n    transition: transform 0.3s ease, box-shadow 0.3s ease;\r\n  }\r\n\r\n  .pricing-card:hover {\r\n    transform: translateY(-5px);\r\n  }\r\n\r\n  .pricing-card.featured {\r\n    border: 2px solid #0077cc;\r\n    background-color: #f0f8ff;\r\n    transform: scale(1.03);\r\n    animation: pulse-glow 2.5s ease-in-out infinite;\r\n    z-index: 1;\r\n  }\r\n\r\n  .featured-badge {\r\n    position: absolute;\r\n    top: 10px;\r\n    left: 0px;\r\n    background: #00335A;\r\n    color: #fff;\r\n    font-size: 0.75rem;\r\n    font-weight: bold;\r\n    padding: 5px 10px;\r\n    border-radius: 4px 0 4px 0;\r\n    box-shadow: 0 2px 6px rgba(0, 0, 0, 0.15);\r\n  }\r\n\r\n  @keyframes pulse-glow {\r\n    0%   { box-shadow: 0 0 0 0 rgba(0, 119, 204, 0.4); }\r\n    50%  { box-shadow: 0 0 14px 6px rgba(0, 119, 204, 0.3); }\r\n    100% { box-shadow: 0 0 0 0 rgba(0, 119, 204, 0.4); }\r\n  }\r\n\r\n  .pricing-icon {\r\n    width: 40px;\r\n    height: 40px;\r\n    object-fit: contain;\r\n    margin-top: 20px;\r\n  }\r\n\r\n  .pricing-title {\r\n    font-size: 1rem;\r\n    margin: 10px 0 15px;\r\n    font-weight: 600;\r\n    color: #333;\r\n  }\r\n\r\n  .pricing-price-band {\r\n    background-color: #00335A;\r\n    color: #fff;\r\n    font-size: 1.4rem;\r\n    font-weight: 300;\r\n    padding: 15px 10px;\r\n    margin-bottom: 15px;\r\n  }\r\n\r\n  .pricing-features {\r\n    list-style: none;\r\n    padding: 0 15px;\r\n    margin: 0 0 20px;\r\n  }\r\n\r\n  .pricing-features li {\r\n    padding: 8px 0;\r\n    font-size: 0.9rem;\r\n    border-bottom: 1px dashed #eee;\r\n    color: #555;\r\n  }\r\n\r\n  .pricing-button {\r\n    display: inline-block;\r\n    margin-bottom: 20px;\r\n    padding: 10px 20px;\r\n    background: #00335A;\r\n    color: #fff;\r\n    text-decoration: none;\r\n    border-radius: 4px;\r\n    font-weight: 500;\r\n    transition: background 0.3s ease;\r\n  }\r\n\r\n  .pricing-button:hover {\r\n    background: #005fa3;\r\n  }\r\n\r\n  @media (max-width: 1200px) {\r\n    .pricing-card {\r\n      flex: 1 0 30%;\r\n    }\r\n  }\r\n\r\n  @media (max-width: 768px) {\r\n    .pricing-card {\r\n      flex: 1 0 100%;\r\n    }\r\n  }\r\n<\/style>\r\n\r\n<div class=\"pricing-table\">\r\n  <div class=\"pricing-card\">\r\n    <img decoding=\"async\" src=\"https:\/\/avmaison.fr\/wp-content\/uploads\/2025\/06\/back-camera.png\" alt=\"Basic Plan\" class=\"pricing-icon\">\r\n    <div class=\"pricing-title\">Gratuit<\/div>\r\n    <div class=\"pricing-price-band\">0\u20ac<\/div>\r\n    <ul class=\"pricing-features\">\r\n      <li>Utilisez vos propres photos\r\n<\/li>\r\n      <li>Jusqu'\u00e0 10 photos de votre maison<\/li>\r\n      <li>6 mois d'h\u00e9bergement gratuit<\/li>\r\n    <\/ul>\r\n    <a href=\"https:\/\/avmaison.fr\/fr\/payment\/?selected_package=18712\" class=\"pricing-button\">Inscrivez-vous<\/a>\r\n  <\/div>\r\n  \r\n    <div class=\"pricing-card\">\r\n    <img decoding=\"async\" src=\"https:\/\/avmaison.fr\/wp-content\/uploads\/2025\/06\/camera.png\" alt=\"Starter Plan\" class=\"pricing-icon\">\r\n    <div class=\"pricing-title\">Standard<\/div>\r\n    <div class=\"pricing-price-band\">180\u20ac<\/div>\r\n    <ul class=\"pricing-features\">\r\n      <li>Photographie professionnelle<\/li>\r\n      <li>Jusqu'\u00e0 30 photos HDR\r\n<\/li>\r\n      <li>Panneau \u00ab \u00c0 vendre \u00bb<\/li>\r\n       <li>H\u00e9berg\u00e9 pendant 12 mois<\/li>\r\n        <li>Partager sur n'importe quel site web<\/li>\r\n    <\/ul>\r\n    <a href=\"https:\/\/avmaison.fr\/fr\/payment\/?selected_package=18713\" class=\"pricing-button\">Acheter maintenant<\/a>\r\n  <\/div>\r\n\r\n  <div class=\"pricing-card featured\">\r\n    <div class=\"featured-badge\">Meilleur rapport qualit\u00e9-prix<\/div>\r\n    <img decoding=\"async\" src=\"https:\/\/avmaison.fr\/wp-content\/uploads\/2025\/06\/Apple-iPad-Icon-72-x-72-min.webp\" alt=\"Growth Plan\" class=\"pricing-icon\">\r\n    <div class=\"pricing-title\">Ultime<\/div>\r\n    <div class=\"pricing-price-band\">375\u20ac<\/div>\r\n    <ul class=\"pricing-features\">\r\n      <li>Photographie professionnelle\r\n<\/li>\r\n      <li>Jusqu'\u00e0 30 photos HDR<\/li>\r\n      <li>Panneau \u00ab \u00c0 vendre \u00bb<\/li>\r\n      <li>360\u00b0 Tour<\/li>\r\n      <li>Plan d'\u00e9tage<\/li>\r\n      <li>Maquette 3D \u00ab Maison de poup\u00e9es \u00bb<\/li>\r\n      <li>Images film\u00e9es par drone<\/li>\r\n      <li>H\u00e9berg\u00e9 pendant 12 mois<\/li>\r\n      <li>Partager sur n'importe quel site web<\/li>\r\n\r\n\r\n    <\/ul>\r\n    <a href=\"https:\/\/avmaison.fr\/fr\/payment\/?selected_package=18714\" class=\"pricing-button\">Acheter maintenant<\/a>\r\n  <\/div>\r\n\r\n  <div class=\"pricing-card\">\r\n    <img decoding=\"async\" src=\"https:\/\/avmaison.fr\/wp-content\/uploads\/2025\/06\/blueprint-1.png\" alt=\"Pro Plan\" class=\"pricing-icon\">\r\n    <div class=\"pricing-title\">Plan d'\u00e9tage<\/div>\r\n    <div class=\"pricing-price-band\">240\u20ac<\/div>\r\n    <ul class=\"pricing-features\">\r\n      <li>Photographie professionnelle<\/li>\r\n      <li>Jusqu'\u00e0 30 photos HDR<\/li>\r\n      <li>Panneau \u00ab \u00c0 vendre \u00bb<\/li>\r\n      <li>Plan d'\u00e9tage<\/li>\r\n      <li>H\u00e9berg\u00e9 pendant 12 mois<\/li>\r\n      <li>Partager sur n'importe quel site web<\/li>\r\n    <\/ul>\r\n    <a href=\"https:\/\/avmaison.fr\/fr\/payment\/?selected_package=18718\" class=\"pricing-button\">Acheter maintenant<\/a>\r\n  <\/div>\r\n\r\n  <div class=\"pricing-card\">\r\n    <img decoding=\"async\" src=\"https:\/\/avmaison.fr\/wp-content\/uploads\/2025\/07\/video-camera-512px.png\" alt=\"Team Plan\" class=\"pricing-icon\">\r\n    <div class=\"pricing-title\">Vid\u00e9o professionnelle<\/div>\r\n    <div class=\"pricing-price-band\">260\u20ac<\/div>\r\n    <ul class=\"pricing-features\">\r\n      <li>Photographie professionnelle<\/li>\r\n      <li>Jusqu'\u00e0 30 photos HDR<\/li>\r\n      <li>Panneau \u00ab \u00c0 vendre \u00bb<\/li>\r\n      <li>4k Video walkthrough<\/li>\r\n      <li>H\u00e9berg\u00e9 pendant 12 mois<\/li>\r\n      <li>Partager sur n'importe quel site web<\/li>\r\n\r\n\r\n\r\n    <\/ul>\r\n    <a href=\"https:\/\/avmaison.fr\/fr\/payment\/?selected_package=18717\" class=\"pricing-button\">Acheter maintenant<\/a>\r\n  <\/div>\r\n\r\n  <div class=\"pricing-card\">\r\n    <img decoding=\"async\" src=\"https:\/\/avmaison.fr\/wp-content\/uploads\/2025\/06\/360-degree.png\" alt=\"Enterprise Plan\" class=\"pricing-icon\">\r\n    <div class=\"pricing-title\">360\u00b0<\/div>\r\n    <div class=\"pricing-price-band\">240\u20ac<\/div>\r\n    <ul class=\"pricing-features\">\r\n      <li>Photographie professionnelle<\/li>\r\n      <li>Jusqu'\u00e0 30 photos HDR<\/li>\r\n      <li>Panneau \u00ab \u00c0 vendre \u00bb<\/li>\r\n      <li>360\u00b0 tour<\/li>\r\n      <li>H\u00e9berg\u00e9 pendant 12 mois<\/li>\r\n      <li>Partager sur n'importe quel site web<\/li>\r\n    <\/ul>\r\n    <a href=\"https:\/\/avmaison.fr\/fr\/payment\/?selected_package=18719\" class=\"pricing-button\">Acheter maintenant<\/a>\r\n  <\/div>\r\n<\/div>\t\t\t\t<\/div>\n\t\t\t\t<\/div>\n\t\t\t\t<div class=\"elementor-element elementor-element-dc8c1ac elementor-widget elementor-widget-spacer\" data-id=\"dc8c1ac\" data-element_type=\"widget\" data-e-type=\"widget\" data-widget_type=\"spacer.default\">\n\t\t\t\t<div class=\"elementor-widget-container\">\n\t\t\t\t\t\t\t<div class=\"elementor-spacer\">\n\t\t\t<div class=\"elementor-spacer-inner\"><\/div>\n\t\t<\/div>\n\t\t\t\t\t\t<\/div>\n\t\t\t\t<\/div>\n\t\t\t\t\t<\/div>\n\t\t\t\t<\/div>\n\t\t\t\t<\/div>","protected":false},"excerpt":{"rendered":"<p>Available Packages Below, you will find details on the packages we currently offer.\u00a0 Choose the one suitable for you and click the &#8216;Buy Now&#8217; button at the bottom. *If you are interested in a &#8216;For Sale&#8217; sign to complete your &#8216;Free&#8217; listing, please contact us here.\u00a0 The cost of the sign is \u20ac40 If you [&hellip;]<\/p>\n","protected":false},"author":1,"featured_media":0,"parent":0,"menu_order":0,"comment_status":"closed","ping_status":"closed","template":"template\/template-packages.php","meta":{"slim_seo":{"title":"Packages - avmaison.fr","description":"Available Packages Below, you will find details on the packages we currently offer.\u00a0 Choose the one suitable for you and click the 'Buy Now' button at the botto"},"footnotes":""},"class_list":["post-18574","page","type-page","status-publish","hentry"],"_links":{"self":[{"href":"https:\/\/avmaison.fr\/fr\/wp-json\/wp\/v2\/pages\/18574","targetHints":{"allow":["GET"]}}],"collection":[{"href":"https:\/\/avmaison.fr\/fr\/wp-json\/wp\/v2\/pages"}],"about":[{"href":"https:\/\/avmaison.fr\/fr\/wp-json\/wp\/v2\/types\/page"}],"author":[{"embeddable":true,"href":"https:\/\/avmaison.fr\/fr\/wp-json\/wp\/v2\/users\/1"}],"replies":[{"embeddable":true,"href":"https:\/\/avmaison.fr\/fr\/wp-json\/wp\/v2\/comments?post=18574"}],"version-history":[{"count":63,"href":"https:\/\/avmaison.fr\/fr\/wp-json\/wp\/v2\/pages\/18574\/revisions"}],"predecessor-version":[{"id":19685,"href":"https:\/\/avmaison.fr\/fr\/wp-json\/wp\/v2\/pages\/18574\/revisions\/19685"}],"wp:attachment":[{"href":"https:\/\/avmaison.fr\/fr\/wp-json\/wp\/v2\/media?parent=18574"}],"curies":[{"name":"wp","href":"https:\/\/api.w.org\/{rel}","templated":true}]}}